{"id":13,"date":"2023-09-28T15:00:50","date_gmt":"2023-09-28T15:00:50","guid":{"rendered":"https:\/\/inducontroles.com\/?page_id=13"},"modified":"2023-09-28T15:56:14","modified_gmt":"2023-09-28T15:56:14","slug":"quienes-somos","status":"publish","type":"page","link":"https:\/\/inducontroles.com\/index.php\/quienes-somos\/","title":{"rendered":"Quienes Somos"},"content":{"rendered":"\n<p>Somos una empresa dedicada a suplir soluciones en los campos de la Ingenier\u00eda El\u00e9ctrica, Electr\u00f3nica, Instrumentaci\u00f3n y Automatizaci\u00f3n de procesos para el sector Industrial.<\/p>\n\n\n\n<p>Nuestros Ingenieros cuentan con una experiencia de mas de 35 a\u00f1os prestando servicios en el sector industrial para diferentes empresas.<\/p>\n","protected":false},"excerpt":{"rendered":"<p>Somos una empresa dedicada a suplir soluciones en los campos de la Ingenier\u00eda El\u00e9ctrica, Electr\u00f3nica, Instrumentaci\u00f3n y Automatizaci\u00f3n de procesos para el sector Industrial. Nuestros Ingenieros cuentan con una experiencia de mas de 35 a\u00f1os prestando servicios en el sector industrial para diferentes empresas.<\/p>\n","protected":false},"author":1,"featured_media":0,"parent":0,"menu_order":0,"comment_status":"closed","ping_status":"closed","template":"","meta":{"om_disable_all_campaigns":false,"_monsterinsights_skip_tracking":false,"_monsterinsights_sitenote_active":false,"_monsterinsights_sitenote_note":"","_monsterinsights_sitenote_category":0,"footnotes":""},"aioseo_notices":[],"_links":{"self":[{"href":"https:\/\/inducontroles.com\/index.php\/wp-json\/wp\/v2\/pages\/13"}],"collection":[{"href":"https:\/\/inducontroles.com\/index.php\/wp-json\/wp\/v2\/pages"}],"about":[{"href":"https:\/\/inducontroles.com\/index.php\/wp-json\/wp\/v2\/types\/page"}],"author":[{"embeddable":true,"href":"https:\/\/inducontroles.com\/index.php\/wp-json\/wp\/v2\/users\/1"}],"replies":[{"embeddable":true,"href":"https:\/\/inducontroles.com\/index.php\/wp-json\/wp\/v2\/comments?post=13"}],"version-history":[{"count":1,"href":"https:\/\/inducontroles.com\/index.php\/wp-json\/wp\/v2\/pages\/13\/revisions"}],"predecessor-version":[{"id":17,"href":"https:\/\/inducontroles.com\/index.php\/wp-json\/wp\/v2\/pages\/13\/revisions\/17"}],"wp:attachment":[{"href":"https:\/\/inducontroles.com\/index.php\/wp-json\/wp\/v2\/media?parent=13"}],"curies":[{"name":"wp","href":"https:\/\/api.w.org\/{rel}","templated":true}]}}