{"id":21,"date":"2023-09-28T15:23:26","date_gmt":"2023-09-28T15:23:26","guid":{"rendered":"https:\/\/inducontroles.com\/?page_id=21"},"modified":"2023-09-28T20:24:57","modified_gmt":"2023-09-28T20:24:57","slug":"nuestros-servicios","status":"publish","type":"page","link":"https:\/\/inducontroles.com\/index.php\/nuestros-servicios\/","title":{"rendered":"Nuestros Servicios"},"content":{"rendered":"\n<p>Estamos preparados para asumir retos importantes y complejos, brindamos servicios especializados a clientes nacionales e internacionales comprometidos con una entrega oportuna.<\/p>\n\n\n\n<p><strong>El\u00e9ctrico<\/strong><\/p>\n\n\n\n<ul>\n<li>-Dise\u00f1o de tableros de distribuci\u00f3n de media y baja tensi\u00f3n.<\/li>\n\n\n\n<li>-Centro de control de motores<\/li>\n\n\n\n<li>-Digitalizaci\u00f3n de planos electricos en ELCAD, Autocad Electrical, SEE Electrical y Eplan.<\/li>\n\n\n\n<li>-Levantamiento de informaci\u00f3n para generar planos electricos y mec\u00e1nicos.<\/li>\n\n\n\n<li>-Montajes el\u00e9ctricos.<\/li>\n<\/ul>\n\n\n\n<p><strong>Electr\u00f3nico<\/strong><\/p>\n\n\n\n<ul>\n<li>Reparaci\u00f3n de elementos de equipos electr\u00f3nicos para control industrial.<\/li>\n\n\n\n<li>Configuraci\u00f3n de aparatos electr\u00f3nicos para instrumentaci\u00f3n, comunicaciones y actuadores.<\/li>\n\n\n\n<li>Desarrollo de Tarjetas basadas en microprocesadores para aplicaciones espec\u00edficas de control.<\/li>\n<\/ul>\n\n\n\n<p><strong>Instrumentaci\u00f3n y Control<\/strong><\/p>\n\n\n\n<ul>\n<li>Dise\u00f1o de sistemas de control basados en PLC para el control de procesos y\/o m\u00e1quinas.<\/li>\n\n\n\n<li>Dise\u00f1o de sistemas HMI \/ SCADA para control y supervisi\u00f3n de procesos y\/o m\u00e1quinas.<\/li>\n\n\n\n<li>Contamos con equipos y programas para intervenir una gran cantidad de PLC tales como Siemens, Allen Bradley, Delta, Omron, etc.<\/li>\n\n\n\n<li>Expertos en Redes industriales (OT) tales como Modbus RTU, Modbus ASCII, Modbus TCPIP, Profibus, Profinet, CAN Open, Device Net, Control NET, etc.<\/li>\n\n\n\n<li>Dise\u00f1o y puesta en servicio de sistemas basados en Servo motores.<\/li>\n\n\n\n<li>Mantenimiento de sistemas de control.<\/li>\n<\/ul>\n\n\n\n<p><strong>Automatizaci\u00f3n<\/strong><\/p>\n\n\n\n<ul>\n<li>Expertos en sistemas de control BRAUMAT y en procesos cerveceros.<\/li>\n\n\n\n<li>Expertos en sistemas de control PCS7 y BATCH-PCS7.<\/li>\n\n\n\n<li>Expertos en sistemas de control CEMAT.<\/li>\n\n\n\n<li>Expertos en m\u00e1quinas con control de movimiento tales como envasadoras, extrusoras, inyectoras, etc.<\/li>\n<\/ul>\n","protected":false},"excerpt":{"rendered":"<p>Estamos preparados para asumir retos importantes y complejos, brindamos servicios especializados a clientes nacionales e internacionales comprometidos con una entrega oportuna. El\u00e9ctrico Electr\u00f3nico Instrumentaci\u00f3n y Control Automatizaci\u00f3n<\/p>\n","protected":false},"author":1,"featured_media":0,"parent":0,"menu_order":0,"comment_status":"closed","ping_status":"closed","template":"","meta":{"om_disable_all_campaigns":false,"_monsterinsights_skip_tracking":false,"_monsterinsights_sitenote_active":false,"_monsterinsights_sitenote_note":"","_monsterinsights_sitenote_category":0,"footnotes":""},"aioseo_notices":[],"_links":{"self":[{"href":"https:\/\/inducontroles.com\/index.php\/wp-json\/wp\/v2\/pages\/21"}],"collection":[{"href":"https:\/\/inducontroles.com\/index.php\/wp-json\/wp\/v2\/pages"}],"about":[{"href":"https:\/\/inducontroles.com\/index.php\/wp-json\/wp\/v2\/types\/page"}],"author":[{"embeddable":true,"href":"https:\/\/inducontroles.com\/index.php\/wp-json\/wp\/v2\/users\/1"}],"replies":[{"embeddable":true,"href":"https:\/\/inducontroles.com\/index.php\/wp-json\/wp\/v2\/comments?post=21"}],"version-history":[{"count":2,"href":"https:\/\/inducontroles.com\/index.php\/wp-json\/wp\/v2\/pages\/21\/revisions"}],"predecessor-version":[{"id":46,"href":"https:\/\/inducontroles.com\/index.php\/wp-json\/wp\/v2\/pages\/21\/revisions\/46"}],"wp:attachment":[{"href":"https:\/\/inducontroles.com\/index.php\/wp-json\/wp\/v2\/media?parent=21"}],"curies":[{"name":"wp","href":"https:\/\/api.w.org\/{rel}","templated":true}]}}